{"id":37,"date":"2022-06-13T14:12:27","date_gmt":"2022-06-13T14:12:27","guid":{"rendered":"http:\/\/astra.flash-evasion.fr\/?page_id=37"},"modified":"2026-04-16T10:01:27","modified_gmt":"2026-04-16T10:01:27","slug":"voitures-et-supercars","status":"publish","type":"page","link":"https:\/\/flash-evasion.fr\/?page_id=37","title":{"rendered":"Voitures &#038; Supercars"},"content":{"rendered":"\t\t<div data-elementor-type=\"wp-page\" data-elementor-id=\"37\" class=\"elementor elementor-37\">\n\t\t\t\t\t\t<section class=\"elementor-section elementor-top-section elementor-element elementor-element-0ae5de7 elementor-section-boxed elementor-section-height-default elementor-section-height-default\" data-id=\"0ae5de7\" data-element_type=\"section\">\n\t\t\t\t\t\t<div class=\"elementor-container elementor-column-gap-default\">\n\t\t\t\t\t<div class=\"elementor-column elementor-col-100 elementor-top-column elementor-element elementor-element-93b50e7\" data-id=\"93b50e7\" data-element_type=\"column\">\n\t\t\t<div class=\"elementor-widget-wrap elementor-element-populated\">\n\t\t\t\t\t\t<div class=\"elementor-element elementor-element-264386f ekit-image-accordion-hover ekit-image-accordion-horizontal elementor-widget elementor-widget-elementskit-image-accordion\" data-id=\"264386f\" data-element_type=\"widget\" data-widget_type=\"elementskit-image-accordion.default\">\n\t\t\t\t<div class=\"elementor-widget-container\">\n\t\t\t<div class=\"ekit-wid-con\" >        <div class=\"ekit-image-accordion elementskit-image-accordion-wraper\">\n                            <input type=\"radio\" name=\"ekit_ia_264386f\" id=\"ekit_ia_264386f_0\" class=\"elementskit-single-image-accordion--input\"  hidden>\n                <label for=\"ekit_ia_264386f_0\" class=\"elementskit-single-image-accordion ekit-image-accordion-item\" style=\"background-image: url(http:\/\/flash-evasion.fr\/wp-content\/uploads\/2025\/05\/660.jpg)\" >\n                    <span class=\"elementskit-accordion-content\">\n                                            <span class=\"elementskit-accordion-title-wraper\">\n                            <span class=\"elementskit-accordion-title \">\n                            \n                            Monaco II\n                                                        <\/span>\n                        <\/span>\n                                                    <span class=\"elementskit-btn-wraper\">\n                                <a class=\"ekit-image-accordion--btn elementskit-btn whitespace--normal\" href=\"https:\/\/flash-evasion.fr\/?page_id=33231\">\n                                    Voir Plus                                <\/a>\n                            <\/span>\n                                            <\/span>\n                <\/label>\n                            <input type=\"radio\" name=\"ekit_ia_264386f\" id=\"ekit_ia_264386f_1\" class=\"elementskit-single-image-accordion--input\"  hidden>\n                <label for=\"ekit_ia_264386f_1\" class=\"elementskit-single-image-accordion ekit-image-accordion-item\" style=\"background-image: url(http:\/\/flash-evasion.fr\/wp-content\/uploads\/2023\/08\/1452.jpg)\" >\n                    <span class=\"elementskit-accordion-content\">\n                                            <span class=\"elementskit-accordion-title-wraper\">\n                            <span class=\"elementskit-accordion-title \">\n                            \n                            Monaco I\n                                                        <\/span>\n                        <\/span>\n                                                    <span class=\"elementskit-btn-wraper\">\n                                <a class=\"ekit-image-accordion--btn elementskit-btn whitespace--normal\" href=\"https:\/\/flash-evasion.fr\/?page_id=24556\">\n                                    Voir Plus                                 <\/a>\n                            <\/span>\n                                            <\/span>\n                <\/label>\n                            <input type=\"radio\" name=\"ekit_ia_264386f\" id=\"ekit_ia_264386f_2\" class=\"elementskit-single-image-accordion--input\"  hidden>\n                <label for=\"ekit_ia_264386f_2\" class=\"elementskit-single-image-accordion ekit-image-accordion-item\" style=\"background-image: url(http:\/\/flash-evasion.fr\/wp-content\/uploads\/2025\/09\/52.jpg)\" >\n                    <span class=\"elementskit-accordion-content\">\n                                            <span class=\"elementskit-accordion-title-wraper\">\n                            <span class=\"elementskit-accordion-title \">\n                            \n                            Ext\u00e9rieur Street II\n                                                        <\/span>\n                        <\/span>\n                                                    <span class=\"elementskit-btn-wraper\">\n                                <a class=\"ekit-image-accordion--btn elementskit-btn whitespace--normal\" href=\"https:\/\/flash-evasion.fr\/?page_id=33261\">\n                                    Voir plus                                <\/a>\n                            <\/span>\n                                            <\/span>\n                <\/label>\n                            <input type=\"radio\" name=\"ekit_ia_264386f\" id=\"ekit_ia_264386f_3\" class=\"elementskit-single-image-accordion--input\"  hidden>\n                <label for=\"ekit_ia_264386f_3\" class=\"elementskit-single-image-accordion ekit-image-accordion-item\" style=\"background-image: url(http:\/\/flash-evasion.fr\/wp-content\/uploads\/2024\/05\/380.jpg)\" >\n                    <span class=\"elementskit-accordion-content\">\n                                            <span class=\"elementskit-accordion-title-wraper\">\n                            <span class=\"elementskit-accordion-title \">\n                            \n                            Exterieur  Street I\n                                                        <\/span>\n                        <\/span>\n                                                    <span class=\"elementskit-btn-wraper\">\n                                <a class=\"ekit-image-accordion--btn elementskit-btn whitespace--normal\" href=\"https:\/\/flash-evasion.fr\/?page_id=24554\">\n                                    Voir Plus                                <\/a>\n                            <\/span>\n                                            <\/span>\n                <\/label>\n                            <input type=\"radio\" name=\"ekit_ia_264386f\" id=\"ekit_ia_264386f_4\" class=\"elementskit-single-image-accordion--input\"  hidden>\n                <label for=\"ekit_ia_264386f_4\" class=\"elementskit-single-image-accordion ekit-image-accordion-item\" style=\"background-image: url(http:\/\/flash-evasion.fr\/wp-content\/uploads\/2025\/09\/118.jpg)\" >\n                    <span class=\"elementskit-accordion-content\">\n                                            <span class=\"elementskit-accordion-title-wraper\">\n                            <span class=\"elementskit-accordion-title \">\n                            \n                            Rassemblements &amp; Ev\u00e9nements Annuels (DCD, GDD, RDC, D4S)\n                                                        <\/span>\n                        <\/span>\n                                                    <span class=\"elementskit-btn-wraper\">\n                                <a class=\"ekit-image-accordion--btn elementskit-btn whitespace--normal\" href=\"https:\/\/flash-evasion.fr\/?page_id=27080\">\n                                    Voir Plus                                 <\/a>\n                            <\/span>\n                                            <\/span>\n                <\/label>\n                            <input type=\"radio\" name=\"ekit_ia_264386f\" id=\"ekit_ia_264386f_5\" class=\"elementskit-single-image-accordion--input\"  hidden>\n                <label for=\"ekit_ia_264386f_5\" class=\"elementskit-single-image-accordion ekit-image-accordion-item\" style=\"background-image: url(http:\/\/flash-evasion.fr\/wp-content\/uploads\/2026\/03\/144.jpg)\" >\n                    <span class=\"elementskit-accordion-content\">\n                                            <span class=\"elementskit-accordion-title-wraper\">\n                            <span class=\"elementskit-accordion-title \">\n                            \n                            Rassemblement d&#039;Amb\u00e9rieux d&#039;Azergues II\n                                                        <\/span>\n                        <\/span>\n                                                    <span class=\"elementskit-btn-wraper\">\n                                <a class=\"ekit-image-accordion--btn elementskit-btn whitespace--normal\" href=\"https:\/\/flash-evasion.fr\/?page_id=33845\">\n                                    Voir Plus                                <\/a>\n                            <\/span>\n                                            <\/span>\n                <\/label>\n                            <input type=\"radio\" name=\"ekit_ia_264386f\" id=\"ekit_ia_264386f_6\" class=\"elementskit-single-image-accordion--input\"  hidden>\n                <label for=\"ekit_ia_264386f_6\" class=\"elementskit-single-image-accordion ekit-image-accordion-item\" style=\"background-image: url(http:\/\/flash-evasion.fr\/wp-content\/uploads\/2025\/03\/53.jpg)\" >\n                    <span class=\"elementskit-accordion-content\">\n                                            <span class=\"elementskit-accordion-title-wraper\">\n                            <span class=\"elementskit-accordion-title \">\n                            \n                            Rassemblement D&#039;amb\u00e9rieux d&#039;Azergues I\n                                                        <\/span>\n                        <\/span>\n                                                    <span class=\"elementskit-btn-wraper\">\n                                <a class=\"ekit-image-accordion--btn elementskit-btn whitespace--normal\" href=\"https:\/\/flash-evasion.fr\/?page_id=24551\">\n                                    Voir Plus                                <\/a>\n                            <\/span>\n                                            <\/span>\n                <\/label>\n                            <input type=\"radio\" name=\"ekit_ia_264386f\" id=\"ekit_ia_264386f_7\" class=\"elementskit-single-image-accordion--input\"  hidden>\n                <label for=\"ekit_ia_264386f_7\" class=\"elementskit-single-image-accordion ekit-image-accordion-item\" style=\"background-image: url(http:\/\/flash-evasion.fr\/wp-content\/uploads\/2026\/01\/147.jpg)\" >\n                    <span class=\"elementskit-accordion-content\">\n                                            <span class=\"elementskit-accordion-title-wraper\">\n                            <span class=\"elementskit-accordion-title \">\n                            \n                            Concessions, Salons, Showrooms\n                                                        <\/span>\n                        <\/span>\n                                                    <span class=\"elementskit-btn-wraper\">\n                                <a class=\"ekit-image-accordion--btn elementskit-btn whitespace--normal\" href=\"https:\/\/flash-evasion.fr\/?page_id=24562\">\n                                    Voir Plus                                 <\/a>\n                            <\/span>\n                                            <\/span>\n                <\/label>\n                            <input type=\"radio\" name=\"ekit_ia_264386f\" id=\"ekit_ia_264386f_8\" class=\"elementskit-single-image-accordion--input\"  hidden>\n                <label for=\"ekit_ia_264386f_8\" class=\"elementskit-single-image-accordion ekit-image-accordion-item\" style=\"background-image: url(http:\/\/flash-evasion.fr\/wp-content\/uploads\/2024\/07\/160.jpg)\" >\n                    <span class=\"elementskit-accordion-content\">\n                                            <span class=\"elementskit-accordion-title-wraper\">\n                            <span class=\"elementskit-accordion-title \">\n                            \n                            Gen\u00e8ve Suisse\n                                                        <\/span>\n                        <\/span>\n                                                    <span class=\"elementskit-btn-wraper\">\n                                <a class=\"ekit-image-accordion--btn elementskit-btn whitespace--normal\" href=\"https:\/\/flash-evasion.fr\/?page_id=24564\">\n                                    Voir Plus                                <\/a>\n                            <\/span>\n                                            <\/span>\n                <\/label>\n                            <input type=\"radio\" name=\"ekit_ia_264386f\" id=\"ekit_ia_264386f_9\" class=\"elementskit-single-image-accordion--input\"  hidden>\n                <label for=\"ekit_ia_264386f_9\" class=\"elementskit-single-image-accordion ekit-image-accordion-item\" style=\"background-image: url(http:\/\/flash-evasion.fr\/wp-content\/uploads\/2024\/04\/266.jpg)\" >\n                    <span class=\"elementskit-accordion-content\">\n                                            <span class=\"elementskit-accordion-title-wraper\">\n                            <span class=\"elementskit-accordion-title \">\n                            \n                            Club Lamborghini\n                                                        <\/span>\n                        <\/span>\n                                                    <span class=\"elementskit-btn-wraper\">\n                                <a class=\"ekit-image-accordion--btn elementskit-btn whitespace--normal\" href=\"https:\/\/flash-evasion.fr\/?page_id=26118\">\n                                    Voir Plus                                <\/a>\n                            <\/span>\n                                            <\/span>\n                <\/label>\n                            <input type=\"radio\" name=\"ekit_ia_264386f\" id=\"ekit_ia_264386f_10\" class=\"elementskit-single-image-accordion--input\"  hidden>\n                <label for=\"ekit_ia_264386f_10\" class=\"elementskit-single-image-accordion ekit-image-accordion-item\" style=\"background-image: url(http:\/\/flash-evasion.fr\/wp-content\/uploads\/2026\/04\/193.jpg)\" >\n                    <span class=\"elementskit-accordion-content\">\n                                            <span class=\"elementskit-accordion-title-wraper\">\n                            <span class=\"elementskit-accordion-title \">\n                            \n                            Circuits ( Pistes,Parkings)\n                                                        <\/span>\n                        <\/span>\n                                                    <span class=\"elementskit-btn-wraper\">\n                                <a class=\"ekit-image-accordion--btn elementskit-btn whitespace--normal\" href=\"https:\/\/flash-evasion.fr\/?page_id=29384\">\n                                    Voir Plus                                <\/a>\n                            <\/span>\n                                            <\/span>\n                <\/label>\n                    <\/div>\n    <\/div>\t\t<\/div>\n\t\t\t\t<\/div>\n\t\t\t\t\t<\/div>\n\t\t<\/div>\n\t\t\t\t\t<\/div>\n\t\t<\/section>\n\t\t\t\t<\/div>\n\t\t","protected":false},"excerpt":{"rendered":"<p>Monaco II Voir Plus Monaco I Voir Plus Ext\u00e9rieur Street II Voir plus Exterieur Street I Voir Plus Rassemblements &amp; Ev\u00e9nements Annuels (DCD, GDD, RDC, D4S) Voir Plus Rassemblement d&#039;Amb\u00e9rieux d&#039;Azergues II Voir Plus Rassemblement D&#039;amb\u00e9rieux d&#039;Azergues I Voir Plus Concessions, Salons, Showrooms Voir Plus Gen\u00e8ve Suisse Voir Plus Club Lamborghini Voir Plus Circuits ( &hellip;<\/p>\n<p class=\"read-more\"> <a class=\"\" href=\"https:\/\/flash-evasion.fr\/?page_id=37\"> <span class=\"screen-reader-text\">Voitures &#038; Supercars<\/span> Lire la suite\u00a0\u00bb<\/a><\/p>\n","protected":false},"author":1,"featured_media":0,"parent":0,"menu_order":0,"comment_status":"closed","ping_status":"closed","template":"elementor_header_footer","meta":{"site-sidebar-layout":"no-sidebar","site-content-layout":"page-builder","ast-global-header-display":"","ast-main-header-display":"","ast-hfb-above-header-display":"","ast-hfb-below-header-display":"","ast-hfb-mobile-header-display":"","site-post-title":"disabled","ast-breadcrumbs-content":"","ast-featured-img":"disabled","footer-sml-layout":"","theme-transparent-header-meta":"","adv-header-id-meta":"","stick-header-meta":"","header-above-stick-meta":"","header-main-stick-meta":"","header-below-stick-meta":"","footnotes":""},"class_list":["post-37","page","type-page","status-publish","hentry"],"jetpack_sharing_enabled":true,"_links":{"self":[{"href":"https:\/\/flash-evasion.fr\/index.php?rest_route=\/wp\/v2\/pages\/37","targetHints":{"allow":["GET"]}}],"collection":[{"href":"https:\/\/flash-evasion.fr\/index.php?rest_route=\/wp\/v2\/pages"}],"about":[{"href":"https:\/\/flash-evasion.fr\/index.php?rest_route=\/wp\/v2\/types\/page"}],"author":[{"embeddable":true,"href":"https:\/\/flash-evasion.fr\/index.php?rest_route=\/wp\/v2\/users\/1"}],"replies":[{"embeddable":true,"href":"https:\/\/flash-evasion.fr\/index.php?rest_route=%2Fwp%2Fv2%2Fcomments&post=37"}],"version-history":[{"count":212,"href":"https:\/\/flash-evasion.fr\/index.php?rest_route=\/wp\/v2\/pages\/37\/revisions"}],"predecessor-version":[{"id":34207,"href":"https:\/\/flash-evasion.fr\/index.php?rest_route=\/wp\/v2\/pages\/37\/revisions\/34207"}],"wp:attachment":[{"href":"https:\/\/flash-evasion.fr\/index.php?rest_route=%2Fwp%2Fv2%2Fmedia&parent=37"}],"curies":[{"name":"wp","href":"https:\/\/api.w.org\/{rel}","templated":true}]}}